
{"id":253,"date":"2020-10-29T10:32:24","date_gmt":"2020-10-29T08:32:24","guid":{"rendered":"https:\/\/designbits.aalto.fi\/?page_id=253"},"modified":"2025-09-09T13:58:13","modified_gmt":"2025-09-09T11:58:13","slug":"about","status":"publish","type":"page","link":"https:\/\/designbits.aalto.fi\/en\/about\/","title":{"rendered":"About Design Bits"},"content":{"rendered":"  <section\n            class=\"wp-block-designbits-section debi-section-about-welcome\"\n  >\n    <div class=\"debi-section-wrapper\">\n      <div class=\"debi-section-content\">\n        <div class=\"debi-section-container\">\n                    <h1>Welcome to Design Bits!<\/h1>\n          <div class=\"debi-inner-blocks\">\n            \n\n<p>This is an introductory online course about design for non-designers: people who are curious about what design is, how designers work, and how to work with designers. Through seven chapters, we explain the basic definitions of design, introduce models for understanding the design process, and demonstrate the value of design in industry and society.<\/p>\n\n\n\n<p>We introduce the four essential pillars of design today: sustainability, collaboration, innovation, and management. Through hands-on activities and reflections at the end of each chapter, we give you a taste of some widely-used design tools, guide you in thinking like a designer and show you possibilities for deepening your design studies at Aalto University.<\/p>\n\n          <\/div>\n        <\/div>\n      <\/div>\n    <\/div>\n  <\/section>\n\n\n  <section\n            class=\"wp-block-designbits-section debi-section-about-course-goals\"\n  >\n    <div class=\"debi-section-wrapper\">\n      <div class=\"debi-section-content\">\n        <div class=\"debi-section-container\">\n                    <h1>Course goals<\/h1>\n          <div class=\"debi-inner-blocks\">\n            \n\n<p>After taking this course, the student:<\/p>\n\n\n  <figure\n      class=\"wp-block-designbits-graphic debi-graphic-course-goals\"\n  >\n            <div class=\"debi-grid\">\n  <div class=\"debi-image-wrapper\">\n      <img decoding=\"async\"\n      alt=\"course-goals-1\"\n      src=\"https:\/\/designbits.aalto.fi\/wp-content\/themes\/designbits-theme\/img\/content\/course-goals\/1.svg\"\n  >\n    <figcaption>\n      Understands the value of design and its main approaches to sustainability, collaboration, innovation and management.    <\/figcaption>\n  <\/div>\n  <div class=\"debi-image-wrapper\">\n      <img decoding=\"async\"\n      alt=\"course-goals-2\"\n      src=\"https:\/\/designbits.aalto.fi\/wp-content\/themes\/designbits-theme\/img\/content\/course-goals\/2.svg\"\n  >\n    <figcaption>\n      Knows about the different design fields and understands design\u2019s possible application to different areas.    <\/figcaption>\n  <\/div>\n  <div class=\"debi-image-wrapper\">\n      <img decoding=\"async\"\n      alt=\"course-goals-3\"\n      src=\"https:\/\/designbits.aalto.fi\/wp-content\/themes\/designbits-theme\/img\/content\/course-goals\/3.svg\"\n  >\n    <figcaption>\n      Understands the importance of the user\u2019s perspective and knows design tools that help including users in projects.    <\/figcaption>\n  <\/div>\n  <div class=\"debi-image-wrapper\">\n      <img decoding=\"async\"\n      alt=\"course-goals-4\"\n      src=\"https:\/\/designbits.aalto.fi\/wp-content\/themes\/designbits-theme\/img\/content\/course-goals\/4.svg\"\n  >\n    <figcaption>\n      Can describe the design thinking process, its phases and its most relevant tools and methods.    <\/figcaption>\n  <\/div>\n  <\/div>\n      <\/figure>\n\n          <\/div>\n        <\/div>\n      <\/div>\n    <\/div>\n  <\/section>\n\n\n  <section\n            class=\"wp-block-designbits-section debi-section-about-important-details\"\n  >\n    <div class=\"debi-section-wrapper\">\n      <div class=\"debi-section-content\">\n        <div class=\"debi-section-container\">\n                    <h1>Important details<\/h1>\n          <div class=\"debi-inner-blocks\">\n            \n  <figure\n      class=\"wp-block-designbits-graphic debi-graphic-important-details\"\n  >\n            <div class=\"debi-grid\">\n  <div class=\"debi-image-wrapper\">\n      <img decoding=\"async\"\n      alt=\"important-details-1\"\n      src=\"https:\/\/designbits.aalto.fi\/wp-content\/themes\/designbits-theme\/img\/content\/important-details\/1.svg\"\n  >\n    <figcaption>\n      The course has 7 chapters. Each chapter has multiple-choice questions, open-ended activities, and reflections on the topic.    <\/figcaption>\n  <\/div>\n  <div class=\"debi-image-wrapper\">\n      <img decoding=\"async\"\n      alt=\"important-details-2\"\n      src=\"https:\/\/designbits.aalto.fi\/wp-content\/themes\/designbits-theme\/img\/content\/important-details\/2.svg\"\n  >\n    <figcaption>\n      Design Bits is a 2-credit course from Aalto University.    <\/figcaption>\n  <\/div>\n  <div class=\"debi-image-wrapper\">\n      <img decoding=\"async\"\n      alt=\"important-details-3\"\n      src=\"https:\/\/designbits.aalto.fi\/wp-content\/themes\/designbits-theme\/img\/content\/important-details\/3.svg\"\n  >\n    <figcaption>\n      Readings and online materials: 40h + Activities &amp; Reflections: 14h. Total: 54h    <\/figcaption>\n  <\/div>\n  <\/div>\n      <\/figure>\n\n          <\/div>\n        <\/div>\n      <\/div>\n    <\/div>\n  <\/section>\n\n\n  <section\n            class=\"wp-block-designbits-section debi-section-about-how-to-navigate\"\n  >\n    <div class=\"debi-section-wrapper\">\n      <div class=\"debi-section-content\">\n        <div class=\"debi-section-container\">\n                    <h1>How to navigate the course<\/h1>\n          <div class=\"debi-inner-blocks\">\n            \n\n<p>We have <strong>two foundation chapters<\/strong> where you should start from:<\/p>\n\n\n\n<p class=\"debi-indent\"><strong>CH01 \u2013 Design relevance<br>CH02 \u2013 Design basics<\/strong><\/p>\n\n\n\n<p>After you are done with those, you will proceed to the section where we present the <strong>Four Pillars of design<\/strong>. You can take the following chapters in the order you prefer, but you must take them all to finish the course:<\/p>\n\n\n\n<p class=\"debi-indent\"><strong>CH03 \u2013 Pillar Sustainability<br>CH04 \u2013 Pillar Collaboration<br>CH05 \u2013 Pillar Innovation<br>CH06 \u2013 Pillar Management<\/strong><\/p>\n\n\n\n<p>Finally, we have the <strong>summary section<\/strong>:<\/p>\n\n\n\n<p class=\"debi-indent\"><strong>CH07 \u2013 Wrapping up<\/strong><\/p>\n\n\n\n<p>The last chapter is all about good design, where you will review the activities you\u2019ve done and also give us feedback about the course.<\/p>\n\n\n  <figure\n      class=\"wp-block-designbits-graphic debi-graphic-course-structure\"\n  >\n          <img decoding=\"async\"\n          alt=\"course-structure\"\n          src=\"https:\/\/designbits.aalto.fi\/wp-content\/themes\/designbits-theme\/img\/content\/course-structure.svg\"\n      >\n      <\/figure>\n\n          <\/div>\n        <\/div>\n      <\/div>\n    <\/div>\n  <\/section>\n\n\n  <section\n            class=\"wp-block-designbits-section debi-section-about-how-to-complete\"\n  >\n    <div class=\"debi-section-wrapper\">\n      <div class=\"debi-section-content\">\n        <div class=\"debi-section-container\">\n                    <h1>How to complete the course and get the credits:<\/h1>\n          <div class=\"debi-inner-blocks\">\n            \n\n<p>Getting 2 ECTS credits as an&nbsp;<strong>Aalto student<\/strong>:<\/p>\n\n\n\n<ul class=\"wp-block-list\">\n<li>You must register for the course via Sisu before the period starts. You can go to the registration page by\u00a0<a href=\"https:\/\/sisu.aalto.fi\/student\/courseunit\/aalto-CU-1150970312-20240801\/brochure\" target=\"_blank\" rel=\"noreferrer noopener\">clicking <\/a><a href=\"https:\/\/sisu.aalto.fi\/student\/courseunit\/aalto-CU-1150970312-20240801\/brochure\" data-type=\"URL\" target=\"_blank\" rel=\"noreferrer noopener\">here<\/a>.<\/li>\n\n\n\n<li>You must complete the course and submit the activities before the examination week in each period. The exact deadline is mentioned in\u00a0<a href=\"https:\/\/mycourses.aalto.fi\/course\/view.php?id=45216\" target=\"_blank\" rel=\"noreferrer noopener\">MyCourses<\/a>.<\/li>\n\n\n\n<li>An instructor will review your activities and grade you (pass\/fail) by the end of the period. If you pass, the credits will be added to your Aalto University student records.<\/li>\n<\/ul>\n\n\n\n<p>Getting 2 ECTS credits as a <strong>non-Aalto student<\/strong>:<\/p>\n\n\n\n<ul class=\"wp-block-list\">\n<li>You must register for the course via Aalto Open University by <a href=\"https:\/\/www.aalto.fi\/en\/open-university-course-list\/design-bits-0\" data-type=\"URL\">clicking here<\/a><a href=\"https:\/\/studyinfo.fi\/app\/#!\/koulutus\/1.2.246.562.17.40254702224?descriptionLang=en\">.<\/a> Please be aware that Aalto Open University charges a 30 euros fee.<\/li>\n\n\n\n<li>After registering at Aalto Open University, you must complete the course and submit the activities. When you finish, send an e-mail to <a href=\"mailto:designbits@aalto.fi\">designbits@aalto.fi<\/a>. An official <a href=\"https:\/\/www.aalto.fi\/en\/aalto-university-open-university\/results-certificates-and-transcripts-of-records\" data-type=\"URL\" data-id=\"https:\/\/www.aalto.fi\/en\/aalto-university-open-university\/results-certificates-and-transcripts-of-records\">transcript of records <\/a>will be issued. <\/li>\n\n\n\n<li>If you are a high-school student, you don&#8217;t need to register at Aalto Open University. You can take the course for free and send an e-mail to <a href=\"mailto:designbits@aalto.fi\">designbits@aalto.fi<\/a> asking for a high-school certificate.<\/li>\n<\/ul>\n\n          <\/div>\n        <\/div>\n      <\/div>\n    <\/div>\n  <\/section>\n\n\n\n<p><br>Course management:\u00a0Pauliina Sepp\u00e4l\u00e4<br>Teacher in charge:\u00a0Pirjo K\u00e4\u00e4ri\u00e4inen<br>Content Design: Paulo Dziobczenski,\u00a0Molly Balcom Raleigh\u00a0(pilot\/2020)\u00a0<br>Web design: Olena Mohylna\u00a0(pilot\/2020), Paulo Dziobczenski,\u00a0Thong Cam\u00a0<br>Illustrations: Jamini Kavoori\u00a0(pilot\/2020)\u00a0<br>Web\u00a0development:\u00a0Thong Cam,\u00a0Miranda Kastemaa\u00a0(pilot\/2020)\u00a0<\/p>\n\n\n  <section\n            class=\"wp-block-designbits-section debi-section-about-course-team\"\n  >\n    <div class=\"debi-section-wrapper\">\n      <div class=\"debi-section-content\">\n        <div class=\"debi-section-container\">\n                    <h1>Course team:<\/h1>\n          <div class=\"debi-inner-blocks\">\n                      <\/div>\n        <\/div>\n      <\/div>\n    <\/div>\n  <\/section>\n\n\n  <section\n            class=\"wp-block-designbits-section debi-section-about-special-thanks\"\n  >\n    <div class=\"debi-section-wrapper\">\n      <div class=\"debi-section-content\">\n        <div class=\"debi-section-container\">\n                    <h1>Special thanks to:<\/h1>\n          <div class=\"debi-inner-blocks\">\n            \n\n<p>Adithya Vardarajan<br>Aki&nbsp;S\u00e4rkiniemi&nbsp;<br>Anna Pallonen<br>Anna Valtonen<br>Anna Van der Lei&nbsp;<br>Antti Salovaara&nbsp;<br>Enni \u00c4ij\u00e4l\u00e4&nbsp;<br>Guy&nbsp;Julier&nbsp;<br>Heidi Paavilainen&nbsp;<br>Hetta&nbsp;Huhtam\u00e4ki&nbsp;<br>\u0130dil&nbsp;Gaziulusoy&nbsp;<br>Jon Fabritius&nbsp;<br>Jouni Paltakari&nbsp;<br>Juha Kronqvist&nbsp;<br>Juuso Tervo&nbsp;<br>Katja H\u00f6ltt\u00e4-Otto&nbsp;<br>Maria&nbsp;Rehbinder&nbsp;<br>Marjukka M\u00e4kel\u00e4&nbsp;<br>Markus Joutsela&nbsp;<br>Pirjo K\u00e4\u00e4ri\u00e4inen&nbsp;<br>Ramia Maz\u00e9&nbsp;<br>Riikka M\u00e4kikoskela&nbsp;<br>Risto Sarvas&nbsp;<br>Salu Ylirisku&nbsp;<br>Sampsa&nbsp;Hyysalo&nbsp;<br>Severi Uusitalo&nbsp;<br>Sini Koskimies&nbsp;<br>Sini Linteri&nbsp;<br>Taija&nbsp;Turunen&nbsp;<br>Tatu&nbsp;Martilla&nbsp;<br>Teija L\u00f6yt\u00f6nen&nbsp;<br>Tiina Toivola&nbsp;<br>Tomi Kauppinen&nbsp;<br>Tua Bj\u00f6rklund&nbsp;<br>Turkka&nbsp;Keinonen&nbsp;<br>Tuuli Mattelm\u00e4ki&nbsp;<\/p>\n\n          <\/div>\n        <\/div>\n      <\/div>\n    <\/div>\n  <\/section>\n","protected":false},"excerpt":{"rendered":"<p>Course management:\u00a0Pauliina Sepp\u00e4l\u00e4Teacher in charge:\u00a0Pirjo K\u00e4\u00e4ri\u00e4inenContent Design: Paulo Dziobczenski,\u00a0Molly Balcom Raleigh\u00a0(pilot\/2020)\u00a0Web design: Olena Mohylna\u00a0(pilot\/2020), Paulo Dziobczenski,\u00a0Thong Cam\u00a0Illustrations: Jamini Kavoori\u00a0(pilot\/2020)\u00a0Web\u00a0development:\u00a0Thong Cam,\u00a0Miranda Kastemaa\u00a0(pilot\/2020)\u00a0<\/p>\n","protected":false},"author":5,"featured_media":0,"parent":0,"menu_order":0,"comment_status":"closed","ping_status":"closed","template":"","meta":{"footnotes":""},"class_list":["post-253","page","type-page","status-publish","hentry"],"_links":{"self":[{"href":"https:\/\/designbits.aalto.fi\/en\/wp-json\/wp\/v2\/pages\/253","targetHints":{"allow":["GET"]}}],"collection":[{"href":"https:\/\/designbits.aalto.fi\/en\/wp-json\/wp\/v2\/pages"}],"about":[{"href":"https:\/\/designbits.aalto.fi\/en\/wp-json\/wp\/v2\/types\/page"}],"author":[{"embeddable":true,"href":"https:\/\/designbits.aalto.fi\/en\/wp-json\/wp\/v2\/users\/5"}],"replies":[{"embeddable":true,"href":"https:\/\/designbits.aalto.fi\/en\/wp-json\/wp\/v2\/comments?post=253"}],"version-history":[{"count":25,"href":"https:\/\/designbits.aalto.fi\/en\/wp-json\/wp\/v2\/pages\/253\/revisions"}],"predecessor-version":[{"id":5885,"href":"https:\/\/designbits.aalto.fi\/en\/wp-json\/wp\/v2\/pages\/253\/revisions\/5885"}],"wp:attachment":[{"href":"https:\/\/designbits.aalto.fi\/en\/wp-json\/wp\/v2\/media?parent=253"}],"curies":[{"name":"wp","href":"https:\/\/api.w.org\/{rel}","templated":true}]}}