
{"id":255,"date":"2020-10-29T10:33:55","date_gmt":"2020-10-29T08:33:55","guid":{"rendered":"https:\/\/designbits.aalto.fi\/?page_id=255"},"modified":"2024-08-21T15:18:37","modified_gmt":"2024-08-21T13:18:37","slug":"questions-answers","status":"publish","type":"page","link":"https:\/\/designbits.aalto.fi\/fi\/questions-answers\/","title":{"rendered":"Usein kysytyt kysymykset"},"content":{"rendered":"<h2 class=\"wp-block-heading\">Milloin ja miss\u00e4 kurssi on?<\/h2>\n\n\n\n<p>You can do the course from any place and at any time you want\u2014all you need is an internet connection. You can even take the course on your phone! All the material is on this site and it consists of text and links to other sites. To better understand the course structure, check the <a href=\"https:\/\/designbits.aalto.fi\/fi\/about\/\" data-type=\"page\" data-id=\"253\">about section<\/a>.<br><br>You simply need to pay attention to the registration dates and course deadline in <a href=\"https:\/\/sisu.aalto.fi\/student\/courseunit\/aalto-CU-1150970312-20240801\/brochure\" target=\"_blank\" rel=\"noreferrer noopener\">Sisu<\/a>.<\/p>\n\n\n\n<h2 class=\"wp-block-heading\">Miksi minun pit\u00e4\u00e4 luoda tili? Miten kurssi k\u00e4ytt\u00e4\u00e4 kirjautumissivulle sy\u00f6tt\u00e4mi\u00e4ni tietoja?<\/h2>\n\n\n\n<p>Kurssille rekister\u00f6ityminen on edellytys sille, ett\u00e4 p\u00e4\u00e4set lukemaan kurssin sis\u00e4lt\u00f6\u00e4. Rekister\u00f6itymist\u00e4 tarvitaan, jotta voit tallentaa tekem\u00e4si teht\u00e4v\u00e4t ja l\u00e4hett\u00e4\u00e4 ne kurssin lopuksi. Nimen ja sukunimen avulla voidaan luoda todistus niille, jotka suorittavat kurssin hyv\u00e4ksytysti, kun kyseinen toiminnallisuus tulee k\u00e4ytt\u00f6\u00f6n sivustollamme.<\/p>\n\n\n\n<h2 class=\"wp-block-heading\">Miten luon tilin?<\/h2>\n\n\n\n<p>Voit rekister\u00f6ity\u00e4 kurssille lis\u00e4\u00e4m\u00e4ll\u00e4 tietosi <a href=\"https:\/\/designbits.aalto.fi\/fi\/sign-up\/\" data-type=\"page\" data-id=\"27\">t\u00e4st\u00e4 linkist\u00e4<\/a>.<\/p>\n\n\n\n<h2 class=\"wp-block-heading\">Miten saan opintopisteet?<\/h2>\n\n\n\n<p>Getting 2 ECTS credits as an <strong>Aalto student<\/strong>:<\/p>\n\n\n\n<ul class=\"debi-spacious-list wp-block-list\"><li class=\"translation-block\">Sinun pit\u00e4\u00e4 ilmoittautua kurssille Sisun kautta. P\u00e4\u00e4set ilmoittautumissivulle <a href=\"https:\/\/sisu.aalto.fi\/student\/courseunit\/aalto-OPINKOHD-1148172795-20210801\/completion-methods\" target=\"_blank\">napsauttamalla t\u00e4st\u00e4<\/a>.<\/li><li class=\"translation-block\">Sinun pit\u00e4\u00e4 suorittaa kurssi loppuun ja l\u00e4hett\u00e4\u00e4 tekem\u00e4si teht\u00e4v\u00e4t ennen kunkin periodin koeviikkoa. Tarkka m\u00e4\u00e4r\u00e4aika on kerrottu <a rel=\"noreferrer noopener\" href=\"https:\/\/mycourses.aalto.fi\/course\/view.php?id=34092\" target=\"_blank\">MyCourses<\/a>-ty\u00f6tilassa.<\/li><li>Kurssin ohjaaja tarkistaa teht\u00e4v\u00e4si ja antaa sinulle arvosanan (hyv\u00e4ksytty\/hyl\u00e4tty) periodin lopussa. Jos suoritus on hyv\u00e4ksytty, opintopisteet lis\u00e4t\u00e4\u00e4n Aalto-yliopiston opintosuorituksiisi.<\/li><\/ul>\n\n\n\n<p>Saadakseen 2 opistopistett\u00e4, Aallon ulkopuolisten opiskelijoiden tulee: <strong>non-Aalto student<\/strong>:<\/p>\n\n\n\n<ul class=\"wp-block-list\"><li>You must register for the course via Aalto Open University by <a href=\"https:\/\/www.aalto.fi\/en\/open-university-course-list\/design-bits-0\" data-type=\"URL\">napsauttamalla t\u00e4st\u00e4<\/a><a href=\"https:\/\/studyinfo.fi\/app\/#!\/koulutus\/1.2.246.562.17.40254702224?descriptionLang=en\">.<\/a> Please be aware that Aalto Open University charges a 30 euros fee.<\/li><li>After registering at Aalto Open University, you must complete the course and submit the activities. When you finish, send an e-mail to <a href=\"mailto:designbits@aalto.fi\">designbits@aalto.fi<\/a>. An official <a href=\"https:\/\/www.aalto.fi\/en\/aalto-university-open-university\/results-certificates-and-transcripts-of-records\" data-type=\"URL\" data-id=\"https:\/\/www.aalto.fi\/en\/aalto-university-open-university\/results-certificates-and-transcripts-of-records\">transcript of records <\/a>will be issued. <\/li><li>If you are a high-school student, you don&#8217;t need to register at Aalto Open University. You can take the course for free and send an e-mail to <a href=\"mailto:designbits@aalto.fi\">designbits@aalto.fi<\/a> asking for a high-school certificate.<\/li><\/ul>\n\n\n\n<h2 class=\"wp-block-heading\">Miten \u201dTeht\u00e4v\u00e4t ja pohdinta\u201d -osion harjoitukset toimivat? Miten voin l\u00e4hett\u00e4\u00e4 teht\u00e4v\u00e4ni opettajalle tarkistettavaksi?<\/h2>\n\n\n\n<p>\u201dTeht\u00e4v\u00e4t ja pohdinta\u201d -osio on aina seuraavanlainen:<\/p>\n\n\n\n<ul class=\"debi-spacious-list wp-block-list\"><li>Monivalintakysymykset. Valitset haluamasi vastaukset ja l\u00e4het\u00e4t ne. N\u00e4et heti oikeat vastaukset ja oman pistem\u00e4\u00e4r\u00e4si.<\/li><li>Avoimet teht\u00e4v\u00e4t. Kirjoitat omat vastauksesi kirjoitustilaan. Sinun pit\u00e4\u00e4 tallentaa vastauksesi. Tarvittaessa voit muuttaa vastauksia my\u00f6hemmin ja tallentaa ne uudelleen.<\/li><li>Pohdintaosion avoimet kysymykset. Kuten edell\u00e4: sinun pit\u00e4\u00e4 tallentaa vastauksesi vastattuasi kaikkiin kysymyksiin.<\/li><\/ul>\n\n\n\n<p class=\"translation-block\">Saadaksesi opintopisteet sinun <strong>pit\u00e4\u00e4 l\u00e4hett\u00e4\u00e4 kurssin kaikki teht\u00e4v\u00e4t ja pohdintateht\u00e4v\u00e4t<\/strong>. Voit tehd\u00e4 t\u00e4m\u00e4n valitsemalla \u201dl\u00e4het\u00e4 kaikki teht\u00e4v\u00e4t\u201d luvun 7 (Yhteenvetoa) Teht\u00e4v\u00e4t ja pohdinta -osiossa.<\/p>\n\n\n\n<h2 class=\"wp-block-heading\">Miten kurssi arvioidaan?<\/h2>\n\n\n\n<p>This is a pass\/fail course. Assessment is based on your written answers to the chapter activities and your learning reflections. Successful completion of the course requires at least 90% completed activities (including studying course content, completing multiple choice questions, and answering open questions) and a minimum of 50% accuracy. Both the activities and reflections are graded based on your demonstrated understanding of the course content.<\/p>\n\n\n\n<h2 class=\"wp-block-heading\">Minulla on teknisi\u00e4 ongelmia kurssialustalla \u2013 mit\u00e4 voin tehd\u00e4?<\/h2>\n\n\n\n<p>Try closing and opening your browser. Then, try logging in on a different browser. If you keep facing technical issues, please email the course instructor explaining your problem to <a href=\"mailto:designbits@aalto.fi\">designbits@aalto.fi<\/a>.<\/p>\n\n\n\n<h2 class=\"wp-block-heading\">Minulla on muu kuin tekninen ongelma tai haluan tehd\u00e4 ehdotuksen, joka liittyy esimerkiksi kurssin sis\u00e4lt\u00f6\u00f6n tai sivuston ulkoasuun, toteutukseen tai saavutettavuuteen. Miten toimin?<\/h2>\n\n\n\n<p class=\"translation-block\">Jos sinulla on ongelma, jota ei ole mainittu t\u00e4\u00e4ll\u00e4, tai ideoita verkkosivuston parantamiseksi, otathan yhteytt\u00e4 <a href=\"https:\/\/designbits.aalto.fi\/fi\/contact\/\" data-type=\"page\" data-id=\"257\" target=\"_self\">meihin<\/a>. Viestisi k\u00e4sitell\u00e4\u00e4n luottamuksellisesti.<\/p>\n\n\n\n<h2 class=\"wp-block-heading\">Miten otatte huomioon EU:n standardin, joka liittyy digitaaliseen saavutettavuuteen?<\/h2>\n\n\n\n<p>Kaikki videot, joihin on t\u00e4ll\u00e4 sivustolla annettu linkki, on tehty ennen syyskuuta 2020 (<a href=\"https:\/\/www.aalto.fi\/en\/news\/new-videos-published-on-the-site-need-to-be-captioned-soon\">ks. Aalto-yliopiston huomautus aiheesta<\/a>). Monet kurssin videoista, kuvista ja verkkosivustoista eiv\u00e4t ole Aalto-yliopiston tekemi\u00e4, ja kurssilla annetaan niihin linkki, koska ne mainitaan esimerkkein\u00e4. Huomaathan, ett\u00e4 Aalto-yliopisto ei vastaa n\u00e4ist\u00e4 materiaaleista.<\/p>\n\n\n\n<h2 class=\"wp-block-heading\">Kenell\u00e4 on kurssin sis\u00e4ll\u00f6n tekij\u00e4noikeus?<\/h2>\n\n\n\n<p>Kaikki kurssisis\u00e4lt\u00f6 (tekstit, kuvat, vuorovaikutukselliset elementit ja kurssin ulkoasu) (C) 2020 Aalto-yliopisto, kaikki oikeudet pid\u00e4tet\u00e4\u00e4n. T\u00e4t\u00e4 sis\u00e4lt\u00f6\u00e4 ei saa kopioida, j\u00e4ljent\u00e4\u00e4, jakaa tai v\u00e4litt\u00e4\u00e4 eteenp\u00e4in miss\u00e4\u00e4n muodossa tai mill\u00e4\u00e4n tavalla ilman Aalto-yliopiston lupaa.<br>Jotkin videot, kuvat ja ulkopuoliset verkkosivustot eiv\u00e4t ole Aalto-yliopiston tekemi\u00e4. Ne ovat eri alustoilla, ja niihin annetaan linkki havainnollistavina esimerkkein\u00e4 ja niit\u00e4 k\u00e4ytet\u00e4\u00e4n puhtaasti opetuksellisiin tarkoituksiin. T\u00e4llaiset l\u00e4hteet on mainittu, ja ne ovat vapaasti yleisess\u00e4 k\u00e4yt\u00f6ss\u00e4. Jos huomaat niihin liittyv\u00e4n ongelman, <a href=\"https:\/\/designbits.aalto.fi\/fi\/contact\/\" data-type=\"page\" data-id=\"257\">otathan yhteytt\u00e4<\/a>.<\/p>\n\n\n\n<h2 class=\"wp-block-heading\">Voiko muotoilua opettaa yhden kurssin aikana?<\/h2>\n\n\n\n<p>Muotoilu on jatkuvasti kehittyv\u00e4 ammatillinen k\u00e4yt\u00e4nt\u00f6, ja my\u00f6s taitavimmat muotoilijat ja suunnittelijat edelleen kehitt\u00e4v\u00e4t taitojaan ja osaamistaan. Muotoilussa oppiminen ei p\u00e4\u00e4ty koskaan \u2013 mutta jostain sen on alettava. Olemme luoneet t\u00e4m\u00e4n kurssin aloituspisteeksi ja tarjoamme siin\u00e4 perustiedot, jotta huomaisit, miten monipuolista muotoilu on ja mist\u00e4 haluat ehk\u00e4 oppia lis\u00e4\u00e4.<\/p>\n\n\n\n<h2 class=\"wp-block-heading\">Kuka on tehnyt Design Bits -kurssin ja miksi?<\/h2>\n\n\n\n<p>Kurssi on luotu vahvistamaan poikkitieteellist\u00e4 opetusta Aalto-yliopistossa. Kurssin rahoitus on saatu vuonna 2020 Aalto Online Learning -hankkeessa. Seuraava linkki vie kurssin pilotin kuvaukseen: <a href=\"https:\/\/onlinelearning.aalto.fi\/pilot\/design-bits\" target=\"_blank\" rel=\"noreferrer noopener\">https:\/\/onlinelearning.aalto.fi\/pilot\/design-bits<\/a><\/p>","protected":false},"excerpt":{"rendered":"<p>When and where does the course take place? You can do the course from any place and at any time you want\u2014all you need is an internet connection. You can even take the course on your phone! All the material is on this site and it consists of text and links to other sites. To [&hellip;]<\/p>\n","protected":false},"author":5,"featured_media":0,"parent":0,"menu_order":0,"comment_status":"closed","ping_status":"closed","template":"","meta":{"footnotes":""},"class_list":["post-255","page","type-page","status-publish","hentry"],"_links":{"self":[{"href":"https:\/\/designbits.aalto.fi\/fi\/wp-json\/wp\/v2\/pages\/255","targetHints":{"allow":["GET"]}}],"collection":[{"href":"https:\/\/designbits.aalto.fi\/fi\/wp-json\/wp\/v2\/pages"}],"about":[{"href":"https:\/\/designbits.aalto.fi\/fi\/wp-json\/wp\/v2\/types\/page"}],"author":[{"embeddable":true,"href":"https:\/\/designbits.aalto.fi\/fi\/wp-json\/wp\/v2\/users\/5"}],"replies":[{"embeddable":true,"href":"https:\/\/designbits.aalto.fi\/fi\/wp-json\/wp\/v2\/comments?post=255"}],"version-history":[{"count":30,"href":"https:\/\/designbits.aalto.fi\/fi\/wp-json\/wp\/v2\/pages\/255\/revisions"}],"predecessor-version":[{"id":3986,"href":"https:\/\/designbits.aalto.fi\/fi\/wp-json\/wp\/v2\/pages\/255\/revisions\/3986"}],"wp:attachment":[{"href":"https:\/\/designbits.aalto.fi\/fi\/wp-json\/wp\/v2\/media?parent=255"}],"curies":[{"name":"wp","href":"https:\/\/api.w.org\/{rel}","templated":true}]}}