
{"id":257,"date":"2020-10-29T10:36:00","date_gmt":"2020-10-29T08:36:00","guid":{"rendered":"https:\/\/designbits.aalto.fi\/?page_id=257"},"modified":"2026-05-03T11:23:30","modified_gmt":"2026-05-03T09:23:30","slug":"contact","status":"publish","type":"page","link":"https:\/\/designbits.aalto.fi\/fi\/contact\/","title":{"rendered":"Yhteystiedot"},"content":{"rendered":"<p>Please send an e-mail to <a href=\"mailto:designbits@aalto.fi\">designbits@aalto.fi<\/a> if you have any suggestions or problems related to:<br>\u2013 kurssin sis\u00e4lt\u00f6\u00f6n<br>\u2013 teknisiin asioihin<br>\u2013 kurssin ulkoasuun\/toteutukseen<br>\u2013 kurssin k\u00e4yt\u00e4nn\u00f6n asioihin (ilmoittautuminen, m\u00e4\u00e4r\u00e4ajat, jne.)<\/p>\n\n\n\n<p>The Design Bits online course project was developed by Aalto University initiative Design Inside in 2020.<br><\/p>\n\n\n\n<p><\/p>","protected":false},"excerpt":{"rendered":"<p>Please send an e-mail to designbits@aalto.fi if you have any suggestions or problems related to:&#8211; course content&#8211; technical matters&#8211; course design&#8211; course practicalities (registrations, deadlines, etc) The Design Bits online course project was developed by Aalto University initiative Design Inside in 2020.<\/p>","protected":false},"author":5,"featured_media":0,"parent":0,"menu_order":0,"comment_status":"closed","ping_status":"closed","template":"","meta":{"footnotes":""},"class_list":["post-257","page","type-page","status-publish","hentry"],"_links":{"self":[{"href":"https:\/\/designbits.aalto.fi\/fi\/wp-json\/wp\/v2\/pages\/257","targetHints":{"allow":["GET"]}}],"collection":[{"href":"https:\/\/designbits.aalto.fi\/fi\/wp-json\/wp\/v2\/pages"}],"about":[{"href":"https:\/\/designbits.aalto.fi\/fi\/wp-json\/wp\/v2\/types\/page"}],"author":[{"embeddable":true,"href":"https:\/\/designbits.aalto.fi\/fi\/wp-json\/wp\/v2\/users\/5"}],"replies":[{"embeddable":true,"href":"https:\/\/designbits.aalto.fi\/fi\/wp-json\/wp\/v2\/comments?post=257"}],"version-history":[{"count":6,"href":"https:\/\/designbits.aalto.fi\/fi\/wp-json\/wp\/v2\/pages\/257\/revisions"}],"predecessor-version":[{"id":6952,"href":"https:\/\/designbits.aalto.fi\/fi\/wp-json\/wp\/v2\/pages\/257\/revisions\/6952"}],"wp:attachment":[{"href":"https:\/\/designbits.aalto.fi\/fi\/wp-json\/wp\/v2\/media?parent=257"}],"curies":[{"name":"wp","href":"https:\/\/api.w.org\/{rel}","templated":true}]}}